{"id":1773,"date":"2025-01-15T09:02:48","date_gmt":"2025-01-15T12:02:48","guid":{"rendered":"https:\/\/heilige.com.br\/store\/?post_type=product&#038;p=1773"},"modified":"2026-01-16T10:14:19","modified_gmt":"2026-01-16T13:14:19","slug":"cerveja-premium-lager-1-litro-fardo-com-6-unidades","status":"publish","type":"product","link":"https:\/\/heilige.com.br\/store\/produto\/cerveja-premium-lager-1-litro-fardo-com-6-unidades\/","title":{"rendered":"CERVEJA PREMIUM LAGER 1 LITRO &#8211; FARDO COM 6 UNIDADES"},"content":{"rendered":"","protected":false},"excerpt":{"rendered":"<p><strong>ALC\/VOL:<\/strong> 4,9%\u00a0 |\u00a0 <strong>COLORA\u00c7\u00c3O:<\/strong> 10 EBC |\u00a0 <strong>AMARGOR:<\/strong> 4 IBU |\u00a0 <strong>TEMP. IDEAL:<\/strong> 2\u00ba &#8211; 2\u00ba C<\/p>\n<p>Cerveja \u00a0leve e refrescante. Teor alco\u00f3lico de 4,9%, colora\u00e7\u00e3o clara, corpo baixo, leve dul\u00e7or final e baixo amargor. \u00c9 equilibrada e f\u00e1cil de beber.<\/p>\n<p><strong>Fardos com 6 unidades.<\/strong><\/p>\n<p>&nbsp;<\/p>\n","protected":false},"featured_media":1774,"template":"","meta":{"inline_featured_image":false,"_themeisle_gutenberg_block_has_review":false,"_joinchat":[]},"product_cat":[15,43,127],"product_tag":[39,42,126,133,132],"class_list":["post-1773","product","type-product","status-publish","has-post-thumbnail","hentry","product_cat-mais-vendidos","product_cat-best-seller","product_cat-novidade","product_tag-cerveja","product_tag-heilige","product_tag-novidade","product_tag-pet-1-litro","product_tag-premium-lager"],"acf":[],"yoast_head":"<!-- This site is optimized with the Yoast SEO plugin v21.5 - https:\/\/yoast.com\/wordpress\/plugins\/seo\/ -->\n<title>CERVEJA PREMIUM LAGER 1 LITRO - FARDO COM 6 UNIDADES - Heilige Store<\/title>\n<meta name=\"description\" content=\"Cerveja leve e refrescante. Teor alco\u00f3lico de 4,9%, colora\u00e7\u00e3o clara, corpo baixo, leve dul\u00e7or final e baixo amargor. \u00c9 equilibrada e f\u00e1cil de beber.\" \/>\n<meta name=\"robots\" content=\"index, follow, max-snippet:-1, max-image-preview:large, max-video-preview:-1\" \/>\n<link rel=\"canonical\" href=\"https:\/\/heilige.com.br\/store\/produto\/cerveja-premium-lager-1-litro-fardo-com-6-unidades\/\" \/>\n<meta property=\"og:locale\" content=\"pt_BR\" \/>\n<meta property=\"og:type\" content=\"article\" \/>\n<meta property=\"og:title\" content=\"CERVEJA PREMIUM LAGER 1 LITRO - FARDO COM 6 UNIDADES - Heilige Store\" \/>\n<meta property=\"og:description\" content=\"Cerveja leve e refrescante. Teor alco\u00f3lico de 4,9%, colora\u00e7\u00e3o clara, corpo baixo, leve dul\u00e7or final e baixo amargor. \u00c9 equilibrada e f\u00e1cil de beber.\" \/>\n<meta property=\"og:url\" content=\"https:\/\/heilige.com.br\/store\/produto\/cerveja-premium-lager-1-litro-fardo-com-6-unidades\/\" \/>\n<meta property=\"og:site_name\" content=\"Heilige Store\" \/>\n<meta property=\"article:modified_time\" content=\"2026-01-16T13:14:19+00:00\" \/>\n<meta property=\"og:image\" content=\"https:\/\/heilige.com.br\/store\/wp-content\/uploads\/sites\/2\/2025\/01\/PET.jpg\" \/>\n\t<meta property=\"og:image:width\" content=\"1080\" \/>\n\t<meta property=\"og:image:height\" content=\"1080\" \/>\n\t<meta property=\"og:image:type\" content=\"image\/jpeg\" \/>\n<meta name=\"twitter:card\" content=\"summary_large_image\" \/>\n<script type=\"application\/ld+json\" class=\"yoast-schema-graph\">{\"@context\":\"https:\/\/schema.org\",\"@graph\":[{\"@type\":\"WebPage\",\"@id\":\"https:\/\/heilige.com.br\/store\/produto\/cerveja-premium-lager-1-litro-fardo-com-6-unidades\/\",\"url\":\"https:\/\/heilige.com.br\/store\/produto\/cerveja-premium-lager-1-litro-fardo-com-6-unidades\/\",\"name\":\"CERVEJA PREMIUM LAGER 1 LITRO - FARDO COM 6 UNIDADES - Heilige Store\",\"isPartOf\":{\"@id\":\"https:\/\/heilige.com.br\/store\/#website\"},\"datePublished\":\"2025-01-15T12:02:48+00:00\",\"dateModified\":\"2026-01-16T13:14:19+00:00\",\"description\":\"Cerveja leve e refrescante. Teor alco\u00f3lico de 4,9%, colora\u00e7\u00e3o clara, corpo baixo, leve dul\u00e7or final e baixo amargor. \u00c9 equilibrada e f\u00e1cil de beber.\",\"breadcrumb\":{\"@id\":\"https:\/\/heilige.com.br\/store\/produto\/cerveja-premium-lager-1-litro-fardo-com-6-unidades\/#breadcrumb\"},\"inLanguage\":\"pt-BR\",\"potentialAction\":[{\"@type\":\"ReadAction\",\"target\":[\"https:\/\/heilige.com.br\/store\/produto\/cerveja-premium-lager-1-litro-fardo-com-6-unidades\/\"]}]},{\"@type\":\"BreadcrumbList\",\"@id\":\"https:\/\/heilige.com.br\/store\/produto\/cerveja-premium-lager-1-litro-fardo-com-6-unidades\/#breadcrumb\",\"itemListElement\":[{\"@type\":\"ListItem\",\"position\":1,\"name\":\"Home\",\"item\":\"https:\/\/heilige.com.br\/store\/\"},{\"@type\":\"ListItem\",\"position\":2,\"name\":\"Store\",\"item\":\"https:\/\/heilige.com.br\/store\/store\/\"},{\"@type\":\"ListItem\",\"position\":3,\"name\":\"CERVEJA PREMIUM LAGER 1 LITRO &#8211; FARDO COM 6 UNIDADES\"}]},{\"@type\":\"WebSite\",\"@id\":\"https:\/\/heilige.com.br\/store\/#website\",\"url\":\"https:\/\/heilige.com.br\/store\/\",\"name\":\"Heilige Store\",\"description\":\"\",\"potentialAction\":[{\"@type\":\"SearchAction\",\"target\":{\"@type\":\"EntryPoint\",\"urlTemplate\":\"https:\/\/heilige.com.br\/store\/?s={search_term_string}\"},\"query-input\":\"required name=search_term_string\"}],\"inLanguage\":\"pt-BR\"}]}<\/script>\n<!-- \/ Yoast SEO plugin. -->","yoast_head_json":{"title":"CERVEJA PREMIUM LAGER 1 LITRO - FARDO COM 6 UNIDADES - Heilige Store","description":"Cerveja leve e refrescante. Teor alco\u00f3lico de 4,9%, colora\u00e7\u00e3o clara, corpo baixo, leve dul\u00e7or final e baixo amargor. \u00c9 equilibrada e f\u00e1cil de beber.","robots":{"index":"index","follow":"follow","max-snippet":"max-snippet:-1","max-image-preview":"max-image-preview:large","max-video-preview":"max-video-preview:-1"},"canonical":"https:\/\/heilige.com.br\/store\/produto\/cerveja-premium-lager-1-litro-fardo-com-6-unidades\/","og_locale":"pt_BR","og_type":"article","og_title":"CERVEJA PREMIUM LAGER 1 LITRO - FARDO COM 6 UNIDADES - Heilige Store","og_description":"Cerveja leve e refrescante. Teor alco\u00f3lico de 4,9%, colora\u00e7\u00e3o clara, corpo baixo, leve dul\u00e7or final e baixo amargor. \u00c9 equilibrada e f\u00e1cil de beber.","og_url":"https:\/\/heilige.com.br\/store\/produto\/cerveja-premium-lager-1-litro-fardo-com-6-unidades\/","og_site_name":"Heilige Store","article_modified_time":"2026-01-16T13:14:19+00:00","og_image":[{"width":1080,"height":1080,"url":"https:\/\/heilige.com.br\/store\/wp-content\/uploads\/sites\/2\/2025\/01\/PET.jpg","type":"image\/jpeg"}],"twitter_card":"summary_large_image","schema":{"@context":"https:\/\/schema.org","@graph":[{"@type":"WebPage","@id":"https:\/\/heilige.com.br\/store\/produto\/cerveja-premium-lager-1-litro-fardo-com-6-unidades\/","url":"https:\/\/heilige.com.br\/store\/produto\/cerveja-premium-lager-1-litro-fardo-com-6-unidades\/","name":"CERVEJA PREMIUM LAGER 1 LITRO - FARDO COM 6 UNIDADES - Heilige Store","isPartOf":{"@id":"https:\/\/heilige.com.br\/store\/#website"},"datePublished":"2025-01-15T12:02:48+00:00","dateModified":"2026-01-16T13:14:19+00:00","description":"Cerveja leve e refrescante. Teor alco\u00f3lico de 4,9%, colora\u00e7\u00e3o clara, corpo baixo, leve dul\u00e7or final e baixo amargor. \u00c9 equilibrada e f\u00e1cil de beber.","breadcrumb":{"@id":"https:\/\/heilige.com.br\/store\/produto\/cerveja-premium-lager-1-litro-fardo-com-6-unidades\/#breadcrumb"},"inLanguage":"pt-BR","potentialAction":[{"@type":"ReadAction","target":["https:\/\/heilige.com.br\/store\/produto\/cerveja-premium-lager-1-litro-fardo-com-6-unidades\/"]}]},{"@type":"BreadcrumbList","@id":"https:\/\/heilige.com.br\/store\/produto\/cerveja-premium-lager-1-litro-fardo-com-6-unidades\/#breadcrumb","itemListElement":[{"@type":"ListItem","position":1,"name":"Home","item":"https:\/\/heilige.com.br\/store\/"},{"@type":"ListItem","position":2,"name":"Store","item":"https:\/\/heilige.com.br\/store\/store\/"},{"@type":"ListItem","position":3,"name":"CERVEJA PREMIUM LAGER 1 LITRO &#8211; FARDO COM 6 UNIDADES"}]},{"@type":"WebSite","@id":"https:\/\/heilige.com.br\/store\/#website","url":"https:\/\/heilige.com.br\/store\/","name":"Heilige Store","description":"","potentialAction":[{"@type":"SearchAction","target":{"@type":"EntryPoint","urlTemplate":"https:\/\/heilige.com.br\/store\/?s={search_term_string}"},"query-input":"required name=search_term_string"}],"inLanguage":"pt-BR"}]}},"_links":{"self":[{"href":"https:\/\/heilige.com.br\/store\/wp-json\/wp\/v2\/product\/1773","targetHints":{"allow":["GET"]}}],"collection":[{"href":"https:\/\/heilige.com.br\/store\/wp-json\/wp\/v2\/product"}],"about":[{"href":"https:\/\/heilige.com.br\/store\/wp-json\/wp\/v2\/types\/product"}],"wp:featuredmedia":[{"embeddable":true,"href":"https:\/\/heilige.com.br\/store\/wp-json\/wp\/v2\/media\/1774"}],"wp:attachment":[{"href":"https:\/\/heilige.com.br\/store\/wp-json\/wp\/v2\/media?parent=1773"}],"wp:term":[{"taxonomy":"product_cat","embeddable":true,"href":"https:\/\/heilige.com.br\/store\/wp-json\/wp\/v2\/product_cat?post=1773"},{"taxonomy":"product_tag","embeddable":true,"href":"https:\/\/heilige.com.br\/store\/wp-json\/wp\/v2\/product_tag?post=1773"}],"curies":[{"name":"wp","href":"https:\/\/api.w.org\/{rel}","templated":true}]}}