{"id":1910,"date":"2026-01-22T16:02:17","date_gmt":"2026-01-22T19:02:17","guid":{"rendered":"https:\/\/heilige.com.br\/store\/?post_type=product&#038;p=1910"},"modified":"2026-03-24T09:20:00","modified_gmt":"2026-03-24T12:20:00","slug":"cerveja-long-neck-low-carb-brut-ipa-heilige-355ml","status":"publish","type":"product","link":"https:\/\/heilige.com.br\/store\/produto\/cerveja-long-neck-low-carb-brut-ipa-heilige-355ml\/","title":{"rendered":"CERVEJA LONG NECK LOW CARB BRUT IPA HEILIGE 355ML"},"content":{"rendered":"","protected":false},"excerpt":{"rendered":"<p><strong>ALC\/VOL:<\/strong> 3,8% | <strong>25 KCAL.\/100ML<\/strong> | <strong>0.9 CARB.\/100ML<\/strong> | <strong>0,7 Gramas de A\u00e7\u00facar<\/strong> | <strong>TEMP. IDEAL:<\/strong> 2\u00ba &#8211; 10\u00ba C<\/p>\n<p>&nbsp;<\/p>\n<p>Cerveja de colora\u00e7\u00e3o dourada intensa e espuma efervescente, exala l\u00fapulos neozelandeses com aroma de vinho branco, uva verde e p\u00eassego. Ultra seca, refrescante e baixa em calorias. Tem corpo leve, carbonata\u00e7\u00e3o vibrante e um final limpo e mineral.<\/p>\n<p>&nbsp;<\/p>\n<p>Para garantir a seguran\u00e7a e a integridade das garrafas no momento do transporte, aconselhamos que complete uma caixa de long neck (pode ser mista). Caixas com 18 unidades.<\/p>\n","protected":false},"featured_media":1911,"template":"..\/public\/views\/revslider-page-template.php","meta":{"inline_featured_image":false,"_themeisle_gutenberg_block_has_review":false,"_joinchat":[]},"product_cat":[15,43,127,108],"product_tag":[39,42,131,84,136],"class_list":["post-1910","product","type-product","status-publish","has-post-thumbnail","hentry","product_cat-mais-vendidos","product_cat-best-seller","product_cat-novidade","product_cat-sazonal","product_tag-cerveja","product_tag-heilige","product_tag-lancamento","product_tag-longneck","product_tag-low-carb-brut-ipa"],"acf":[],"yoast_head":"<!-- This site is optimized with the Yoast SEO plugin v21.5 - https:\/\/yoast.com\/wordpress\/plugins\/seo\/ -->\n<title>CERVEJA LONG NECK LOW CARB BRUT IPA HEILIGE 355ML - Heilige Store<\/title>\n<meta name=\"description\" content=\"Cerveja leve. Aromas maltados que rementem a pa\u0303o e no paladar um leve dulc\u0327or em equili\u0301brio com o amargor do lu\u0301pulo. Espuma branca de boa formac\u0327a\u0303o, colorac\u0327a\u0303o cristalina.\" \/>\n<meta name=\"robots\" content=\"index, follow, max-snippet:-1, max-image-preview:large, max-video-preview:-1\" \/>\n<link rel=\"canonical\" href=\"https:\/\/heilige.com.br\/store\/produto\/cerveja-long-neck-low-carb-brut-ipa-heilige-355ml\/\" \/>\n<meta property=\"og:locale\" content=\"pt_BR\" \/>\n<meta property=\"og:type\" content=\"article\" \/>\n<meta property=\"og:title\" content=\"CERVEJA LONG NECK LOW CARB BRUT IPA HEILIGE 355ML - Heilige Store\" \/>\n<meta property=\"og:description\" content=\"Cerveja leve. Aromas maltados que rementem a pa\u0303o e no paladar um leve dulc\u0327or em equili\u0301brio com o amargor do lu\u0301pulo. Espuma branca de boa formac\u0327a\u0303o, colorac\u0327a\u0303o cristalina.\" \/>\n<meta property=\"og:url\" content=\"https:\/\/heilige.com.br\/store\/produto\/cerveja-long-neck-low-carb-brut-ipa-heilige-355ml\/\" \/>\n<meta property=\"og:site_name\" content=\"Heilige Store\" \/>\n<meta property=\"article:modified_time\" content=\"2026-03-24T12:20:00+00:00\" \/>\n<meta property=\"og:image\" content=\"http:\/\/heilige.com.br\/store\/wp-content\/uploads\/sites\/2\/2026\/01\/WhatsApp-Image-2026-01-22-at-11.38.17.jpeg\" \/>\n\t<meta property=\"og:image:width\" content=\"1201\" \/>\n\t<meta property=\"og:image:height\" content=\"1201\" \/>\n\t<meta property=\"og:image:type\" content=\"image\/jpeg\" \/>\n<meta name=\"twitter:card\" content=\"summary_large_image\" \/>\n<script type=\"application\/ld+json\" class=\"yoast-schema-graph\">{\"@context\":\"https:\/\/schema.org\",\"@graph\":[{\"@type\":\"WebPage\",\"@id\":\"https:\/\/heilige.com.br\/store\/produto\/cerveja-long-neck-low-carb-brut-ipa-heilige-355ml\/\",\"url\":\"https:\/\/heilige.com.br\/store\/produto\/cerveja-long-neck-low-carb-brut-ipa-heilige-355ml\/\",\"name\":\"CERVEJA LONG NECK LOW CARB BRUT IPA HEILIGE 355ML - Heilige Store\",\"isPartOf\":{\"@id\":\"https:\/\/heilige.com.br\/store\/#website\"},\"datePublished\":\"2026-01-22T19:02:17+00:00\",\"dateModified\":\"2026-03-24T12:20:00+00:00\",\"description\":\"Cerveja leve. Aromas maltados que rementem a pa\u0303o e no paladar um leve dulc\u0327or em equili\u0301brio com o amargor do lu\u0301pulo. Espuma branca de boa formac\u0327a\u0303o, colorac\u0327a\u0303o cristalina.\",\"breadcrumb\":{\"@id\":\"https:\/\/heilige.com.br\/store\/produto\/cerveja-long-neck-low-carb-brut-ipa-heilige-355ml\/#breadcrumb\"},\"inLanguage\":\"pt-BR\",\"potentialAction\":[{\"@type\":\"ReadAction\",\"target\":[\"https:\/\/heilige.com.br\/store\/produto\/cerveja-long-neck-low-carb-brut-ipa-heilige-355ml\/\"]}]},{\"@type\":\"BreadcrumbList\",\"@id\":\"https:\/\/heilige.com.br\/store\/produto\/cerveja-long-neck-low-carb-brut-ipa-heilige-355ml\/#breadcrumb\",\"itemListElement\":[{\"@type\":\"ListItem\",\"position\":1,\"name\":\"Home\",\"item\":\"https:\/\/heilige.com.br\/store\/\"},{\"@type\":\"ListItem\",\"position\":2,\"name\":\"Store\",\"item\":\"https:\/\/heilige.com.br\/store\/store\/\"},{\"@type\":\"ListItem\",\"position\":3,\"name\":\"CERVEJA LONG NECK LOW CARB BRUT IPA HEILIGE 355ML\"}]},{\"@type\":\"WebSite\",\"@id\":\"https:\/\/heilige.com.br\/store\/#website\",\"url\":\"https:\/\/heilige.com.br\/store\/\",\"name\":\"Heilige Store\",\"description\":\"\",\"potentialAction\":[{\"@type\":\"SearchAction\",\"target\":{\"@type\":\"EntryPoint\",\"urlTemplate\":\"https:\/\/heilige.com.br\/store\/?s={search_term_string}\"},\"query-input\":\"required name=search_term_string\"}],\"inLanguage\":\"pt-BR\"}]}<\/script>\n<!-- \/ Yoast SEO plugin. -->","yoast_head_json":{"title":"CERVEJA LONG NECK LOW CARB BRUT IPA HEILIGE 355ML - Heilige Store","description":"Cerveja leve. Aromas maltados que rementem a pa\u0303o e no paladar um leve dulc\u0327or em equili\u0301brio com o amargor do lu\u0301pulo. Espuma branca de boa formac\u0327a\u0303o, colorac\u0327a\u0303o cristalina.","robots":{"index":"index","follow":"follow","max-snippet":"max-snippet:-1","max-image-preview":"max-image-preview:large","max-video-preview":"max-video-preview:-1"},"canonical":"https:\/\/heilige.com.br\/store\/produto\/cerveja-long-neck-low-carb-brut-ipa-heilige-355ml\/","og_locale":"pt_BR","og_type":"article","og_title":"CERVEJA LONG NECK LOW CARB BRUT IPA HEILIGE 355ML - Heilige Store","og_description":"Cerveja leve. Aromas maltados que rementem a pa\u0303o e no paladar um leve dulc\u0327or em equili\u0301brio com o amargor do lu\u0301pulo. Espuma branca de boa formac\u0327a\u0303o, colorac\u0327a\u0303o cristalina.","og_url":"https:\/\/heilige.com.br\/store\/produto\/cerveja-long-neck-low-carb-brut-ipa-heilige-355ml\/","og_site_name":"Heilige Store","article_modified_time":"2026-03-24T12:20:00+00:00","og_image":[{"width":1201,"height":1201,"url":"http:\/\/heilige.com.br\/store\/wp-content\/uploads\/sites\/2\/2026\/01\/WhatsApp-Image-2026-01-22-at-11.38.17.jpeg","type":"image\/jpeg"}],"twitter_card":"summary_large_image","schema":{"@context":"https:\/\/schema.org","@graph":[{"@type":"WebPage","@id":"https:\/\/heilige.com.br\/store\/produto\/cerveja-long-neck-low-carb-brut-ipa-heilige-355ml\/","url":"https:\/\/heilige.com.br\/store\/produto\/cerveja-long-neck-low-carb-brut-ipa-heilige-355ml\/","name":"CERVEJA LONG NECK LOW CARB BRUT IPA HEILIGE 355ML - Heilige Store","isPartOf":{"@id":"https:\/\/heilige.com.br\/store\/#website"},"datePublished":"2026-01-22T19:02:17+00:00","dateModified":"2026-03-24T12:20:00+00:00","description":"Cerveja leve. Aromas maltados que rementem a pa\u0303o e no paladar um leve dulc\u0327or em equili\u0301brio com o amargor do lu\u0301pulo. Espuma branca de boa formac\u0327a\u0303o, colorac\u0327a\u0303o cristalina.","breadcrumb":{"@id":"https:\/\/heilige.com.br\/store\/produto\/cerveja-long-neck-low-carb-brut-ipa-heilige-355ml\/#breadcrumb"},"inLanguage":"pt-BR","potentialAction":[{"@type":"ReadAction","target":["https:\/\/heilige.com.br\/store\/produto\/cerveja-long-neck-low-carb-brut-ipa-heilige-355ml\/"]}]},{"@type":"BreadcrumbList","@id":"https:\/\/heilige.com.br\/store\/produto\/cerveja-long-neck-low-carb-brut-ipa-heilige-355ml\/#breadcrumb","itemListElement":[{"@type":"ListItem","position":1,"name":"Home","item":"https:\/\/heilige.com.br\/store\/"},{"@type":"ListItem","position":2,"name":"Store","item":"https:\/\/heilige.com.br\/store\/store\/"},{"@type":"ListItem","position":3,"name":"CERVEJA LONG NECK LOW CARB BRUT IPA HEILIGE 355ML"}]},{"@type":"WebSite","@id":"https:\/\/heilige.com.br\/store\/#website","url":"https:\/\/heilige.com.br\/store\/","name":"Heilige Store","description":"","potentialAction":[{"@type":"SearchAction","target":{"@type":"EntryPoint","urlTemplate":"https:\/\/heilige.com.br\/store\/?s={search_term_string}"},"query-input":"required name=search_term_string"}],"inLanguage":"pt-BR"}]}},"_links":{"self":[{"href":"https:\/\/heilige.com.br\/store\/wp-json\/wp\/v2\/product\/1910","targetHints":{"allow":["GET"]}}],"collection":[{"href":"https:\/\/heilige.com.br\/store\/wp-json\/wp\/v2\/product"}],"about":[{"href":"https:\/\/heilige.com.br\/store\/wp-json\/wp\/v2\/types\/product"}],"wp:featuredmedia":[{"embeddable":true,"href":"https:\/\/heilige.com.br\/store\/wp-json\/wp\/v2\/media\/1911"}],"wp:attachment":[{"href":"https:\/\/heilige.com.br\/store\/wp-json\/wp\/v2\/media?parent=1910"}],"wp:term":[{"taxonomy":"product_cat","embeddable":true,"href":"https:\/\/heilige.com.br\/store\/wp-json\/wp\/v2\/product_cat?post=1910"},{"taxonomy":"product_tag","embeddable":true,"href":"https:\/\/heilige.com.br\/store\/wp-json\/wp\/v2\/product_tag?post=1910"}],"curies":[{"name":"wp","href":"https:\/\/api.w.org\/{rel}","templated":true}]}}