{"id":489,"date":"2020-07-13T15:45:10","date_gmt":"2020-07-13T18:45:10","guid":{"rendered":"https:\/\/heilige.com.br\/store\/?post_type=product&#038;p=489"},"modified":"2021-12-03T14:06:54","modified_gmt":"2021-12-03T17:06:54","slug":"sadomasoquista-o-kit","status":"publish","type":"product","link":"https:\/\/heilige.com.br\/store\/produto\/sadomasoquista-o-kit\/","title":{"rendered":"SADOMASOQUISTA &#8211; O KIT"},"content":{"rendered":"","protected":false},"excerpt":{"rendered":"<p><strong>Manifesto SADO + MASO + QUISTA<\/strong><br \/>\nEm 10 anos de hist\u00f3ria somos desafiados todos os dias. S\u00e3o in\u00fameros os problemas que tangem o prazer do processo cervejeiro especial. A incid\u00eancia de impostos e taxas pelo mercado \u00e9 de at\u00e9 60% do pre\u00e7o final do produto, enfrentamos o alto custo log\u00edstico agravado pelas m\u00e1s condi\u00e7\u00f5es das rodovias e os intermin\u00e1veis processos burocr\u00e1ticos, por isso, criamos o Manifesto. Enfrentar e superar todos os desafios \u00e9 digno de ser chamado de Sadomasoquista.<\/p>\n<p>Uma caixa com 03 cervejas embaladas no nosso manifesto: Brut Ipa, Russian Imperial Stout e Berliner Weiss. Separadas, cada uma representa o que vivenciamos durante a nossa trajet\u00f3ria: alegria, leveza e estilos, resultado de muita dedica\u00e7\u00e3o. Juntas elas provocam um desconforto, comprovando que nem tudo s\u00e3o maltes e l\u00fapulos. Desafiamos voc\u00ea misturar as tr\u00eas cervejas e vivenciar esse incomodo.<\/p>\n<p>Cerveja Heilige Brut IPA<br \/>\n<strong>ALC\/VOL:<\/strong> 5,3%\u00a0 |\u00a0 <strong>COLORA\u00c7\u00c3O:<\/strong> 6 EBC |\u00a0 <strong>AMARGOR:<\/strong> 28 IBU<br \/>\nSeu estilo come\u00e7ou a aparecer por volta de 2018, trazendo um frescor intenso e uma secura extrema, um dos motivos por ter Brut em seu nome, muito conhecido tamb\u00e9m em vinhos e espumantes, seus aromas s\u00e3o provenientes de um l\u00fapulo australiano que traz notas de frutas tropicais, ervas, abacaxi e maracuj\u00e1, no paladar \u00e9 extremamente refrescante e seca, pois seu residual de a\u00e7\u00facar \u00e9 zero, sua colora\u00e7\u00e3o \u00e9 clara e na sua composi\u00e7\u00e3o \u00e9 utilizada uma pitada de milho, isso mesmo, ele d\u00e1 um toque especial na sua caracter\u00edstica e leveza.<\/p>\n<p>Russian Imperial Stout<br \/>\n<strong>ALC\/VOL:<\/strong> 10,8%\u00a0 |\u00a0 <strong>COLORA\u00c7\u00c3O:<\/strong> 90 EBC |\u00a0 <strong>AMARGOR:<\/strong> 40 IBU<br \/>\nCerveja mais potente e licorosa, seus quase 11% de \u00e1lcool deixam a cerveja aquecedora, de colora\u00e7\u00e3o escura, seus aromas s\u00e3o mais robustos, remetendo a notas de coco, madeira, castanha e caf\u00e9 torrado, no sabor possui um amargor proveniente de maltes torrados e uma leve pegada de l\u00fapulo, seu corpo \u00e9 alto e no seu final possui um residual adocicado e forte.<\/p>\n<p>Cerveja Berliner Weiss<br \/>\n<strong>ALC\/VOL:<\/strong> 3,3%\u00a0 |\u00a0 <strong>COLORA\u00c7\u00c3O:<\/strong> 10 EBC |\u00a0 <strong>AMARGOR:<\/strong> 4 IBU<br \/>\nCerveja de colora\u00e7\u00e3o palha, que tem seu destaque por sua acidez, cerveja muito refrescante e com uma carbonata\u00e7\u00e3o mais elevada, seu aroma tem um leve toque de lim\u00e3o e at\u00e9 mesmo um toque de p\u00e3o pela adi\u00e7\u00e3o de trigo em sua receita, seu corpo \u00e9 bem baixo e frisante, dando a cerveja um destaque especial, podendo ser utilizada at\u00e9 mesmo para drinks e blends com sucos.<\/p>\n<p>&nbsp;<\/p>\n<p>&nbsp;<\/p>\n","protected":false},"featured_media":528,"template":"","meta":{"inline_featured_image":false,"_themeisle_gutenberg_block_has_review":false,"_joinchat":[]},"product_cat":[108],"product_tag":[39,42,109,110],"class_list":["post-489","product","type-product","status-publish","has-post-thumbnail","hentry","product_cat-sazonal","product_tag-cerveja","product_tag-heilige","product_tag-kit","product_tag-sadomasoquista"],"acf":[],"yoast_head":"<!-- This site is optimized with the Yoast SEO plugin v21.5 - https:\/\/yoast.com\/wordpress\/plugins\/seo\/ -->\n<title>SADOMASOQUISTA - O KIT - Heilige Store<\/title>\n<meta name=\"robots\" content=\"index, follow, max-snippet:-1, max-image-preview:large, max-video-preview:-1\" \/>\n<link rel=\"canonical\" href=\"https:\/\/heilige.com.br\/store\/produto\/sadomasoquista-o-kit\/\" \/>\n<meta property=\"og:locale\" content=\"pt_BR\" \/>\n<meta property=\"og:type\" content=\"article\" \/>\n<meta property=\"og:title\" content=\"SADOMASOQUISTA - O KIT - Heilige Store\" \/>\n<meta property=\"og:description\" content=\"Manifesto SADO + MASO + QUISTA Em 10 anos de hist\u00f3ria somos desafiados todos os dias. S\u00e3o in\u00fameros os problemas que tangem o prazer do processo cervejeiro especial. A incid\u00eancia de impostos e taxas pelo mercado \u00e9 de at\u00e9 60% do pre\u00e7o final do produto, enfrentamos o alto custo log\u00edstico agravado pelas m\u00e1s condi\u00e7\u00f5es das rodovias e os intermin\u00e1veis processos burocr\u00e1ticos, por isso, criamos o Manifesto. Enfrentar e superar todos os desafios \u00e9 digno de ser chamado de Sadomasoquista.  Uma caixa com 03 cervejas embaladas no nosso manifesto: Brut Ipa, Russian Imperial Stout e Berliner Weiss. Separadas, cada uma representa o que vivenciamos durante a nossa trajet\u00f3ria: alegria, leveza e estilos, resultado de muita dedica\u00e7\u00e3o. Juntas elas provocam um desconforto, comprovando que nem tudo s\u00e3o maltes e l\u00fapulos. Desafiamos voc\u00ea misturar as tr\u00eas cervejas e vivenciar esse incomodo.  Cerveja Heilige Brut IPA ALC\/VOL: 5,3%\u00a0 |\u00a0 COLORA\u00c7\u00c3O: 6 EBC |\u00a0 AMARGOR: 28 IBU Seu estilo come\u00e7ou a aparecer por volta de 2018, trazendo um frescor intenso e uma secura extrema, um dos motivos por ter Brut em seu nome, muito conhecido tamb\u00e9m em vinhos e espumantes, seus aromas s\u00e3o provenientes de um l\u00fapulo australiano que traz notas de frutas tropicais, ervas, abacaxi e maracuj\u00e1, no paladar \u00e9 extremamente refrescante e seca, pois seu residual de a\u00e7\u00facar \u00e9 zero, sua colora\u00e7\u00e3o \u00e9 clara e na sua composi\u00e7\u00e3o \u00e9 utilizada uma pitada de milho, isso mesmo, ele d\u00e1 um toque especial na sua caracter\u00edstica e leveza.  Russian Imperial Stout ALC\/VOL: 10,8%\u00a0 |\u00a0 COLORA\u00c7\u00c3O: 90 EBC |\u00a0 AMARGOR: 40 IBU Cerveja mais potente e licorosa, seus quase 11% de \u00e1lcool deixam a cerveja aquecedora, de colora\u00e7\u00e3o escura, seus aromas s\u00e3o mais robustos, remetendo a notas de coco, madeira, castanha e caf\u00e9 torrado, no sabor possui um amargor proveniente de maltes torrados e uma leve pegada de l\u00fapulo, seu corpo \u00e9 alto e no seu final possui um residual adocicado e forte.  Cerveja Berliner Weiss ALC\/VOL: 3,3%\u00a0 |\u00a0 COLORA\u00c7\u00c3O: 10 EBC |\u00a0 AMARGOR: 4 IBU Cerveja de colora\u00e7\u00e3o palha, que tem seu destaque por sua acidez, cerveja muito refrescante e com uma carbonata\u00e7\u00e3o mais elevada, seu aroma tem um leve toque de lim\u00e3o e at\u00e9 mesmo um toque de p\u00e3o pela adi\u00e7\u00e3o de trigo em sua receita, seu corpo \u00e9 bem baixo e frisante, dando a cerveja um destaque especial, podendo ser utilizada at\u00e9 mesmo para drinks e blends com sucos.  &nbsp;  &nbsp;\" \/>\n<meta property=\"og:url\" content=\"https:\/\/heilige.com.br\/store\/produto\/sadomasoquista-o-kit\/\" \/>\n<meta property=\"og:site_name\" content=\"Heilige Store\" \/>\n<meta property=\"article:modified_time\" content=\"2021-12-03T17:06:54+00:00\" \/>\n<meta property=\"og:image\" content=\"https:\/\/heilige.com.br\/store\/wp-content\/uploads\/sites\/2\/2020\/07\/heilige_CAIXA-scaled.jpg\" \/>\n\t<meta property=\"og:image:width\" content=\"1707\" \/>\n\t<meta property=\"og:image:height\" content=\"2560\" \/>\n\t<meta property=\"og:image:type\" content=\"image\/jpeg\" \/>\n<meta name=\"twitter:card\" content=\"summary_large_image\" \/>\n<script type=\"application\/ld+json\" class=\"yoast-schema-graph\">{\"@context\":\"https:\/\/schema.org\",\"@graph\":[{\"@type\":\"WebPage\",\"@id\":\"https:\/\/heilige.com.br\/store\/produto\/sadomasoquista-o-kit\/\",\"url\":\"https:\/\/heilige.com.br\/store\/produto\/sadomasoquista-o-kit\/\",\"name\":\"SADOMASOQUISTA - O KIT - Heilige Store\",\"isPartOf\":{\"@id\":\"https:\/\/heilige.com.br\/store\/#website\"},\"datePublished\":\"2020-07-13T18:45:10+00:00\",\"dateModified\":\"2021-12-03T17:06:54+00:00\",\"breadcrumb\":{\"@id\":\"https:\/\/heilige.com.br\/store\/produto\/sadomasoquista-o-kit\/#breadcrumb\"},\"inLanguage\":\"pt-BR\",\"potentialAction\":[{\"@type\":\"ReadAction\",\"target\":[\"https:\/\/heilige.com.br\/store\/produto\/sadomasoquista-o-kit\/\"]}]},{\"@type\":\"BreadcrumbList\",\"@id\":\"https:\/\/heilige.com.br\/store\/produto\/sadomasoquista-o-kit\/#breadcrumb\",\"itemListElement\":[{\"@type\":\"ListItem\",\"position\":1,\"name\":\"Home\",\"item\":\"https:\/\/heilige.com.br\/store\/\"},{\"@type\":\"ListItem\",\"position\":2,\"name\":\"Store\",\"item\":\"https:\/\/heilige.com.br\/store\/store\/\"},{\"@type\":\"ListItem\",\"position\":3,\"name\":\"SADOMASOQUISTA &#8211; O KIT\"}]},{\"@type\":\"WebSite\",\"@id\":\"https:\/\/heilige.com.br\/store\/#website\",\"url\":\"https:\/\/heilige.com.br\/store\/\",\"name\":\"Heilige Store\",\"description\":\"\",\"potentialAction\":[{\"@type\":\"SearchAction\",\"target\":{\"@type\":\"EntryPoint\",\"urlTemplate\":\"https:\/\/heilige.com.br\/store\/?s={search_term_string}\"},\"query-input\":\"required name=search_term_string\"}],\"inLanguage\":\"pt-BR\"}]}<\/script>\n<!-- \/ Yoast SEO plugin. -->","yoast_head_json":{"title":"SADOMASOQUISTA - O KIT - Heilige Store","robots":{"index":"index","follow":"follow","max-snippet":"max-snippet:-1","max-image-preview":"max-image-preview:large","max-video-preview":"max-video-preview:-1"},"canonical":"https:\/\/heilige.com.br\/store\/produto\/sadomasoquista-o-kit\/","og_locale":"pt_BR","og_type":"article","og_title":"SADOMASOQUISTA - O KIT - Heilige Store","og_description":"Manifesto SADO + MASO + QUISTA Em 10 anos de hist\u00f3ria somos desafiados todos os dias. S\u00e3o in\u00fameros os problemas que tangem o prazer do processo cervejeiro especial. A incid\u00eancia de impostos e taxas pelo mercado \u00e9 de at\u00e9 60% do pre\u00e7o final do produto, enfrentamos o alto custo log\u00edstico agravado pelas m\u00e1s condi\u00e7\u00f5es das rodovias e os intermin\u00e1veis processos burocr\u00e1ticos, por isso, criamos o Manifesto. Enfrentar e superar todos os desafios \u00e9 digno de ser chamado de Sadomasoquista.  Uma caixa com 03 cervejas embaladas no nosso manifesto: Brut Ipa, Russian Imperial Stout e Berliner Weiss. Separadas, cada uma representa o que vivenciamos durante a nossa trajet\u00f3ria: alegria, leveza e estilos, resultado de muita dedica\u00e7\u00e3o. Juntas elas provocam um desconforto, comprovando que nem tudo s\u00e3o maltes e l\u00fapulos. Desafiamos voc\u00ea misturar as tr\u00eas cervejas e vivenciar esse incomodo.  Cerveja Heilige Brut IPA ALC\/VOL: 5,3%\u00a0 |\u00a0 COLORA\u00c7\u00c3O: 6 EBC |\u00a0 AMARGOR: 28 IBU Seu estilo come\u00e7ou a aparecer por volta de 2018, trazendo um frescor intenso e uma secura extrema, um dos motivos por ter Brut em seu nome, muito conhecido tamb\u00e9m em vinhos e espumantes, seus aromas s\u00e3o provenientes de um l\u00fapulo australiano que traz notas de frutas tropicais, ervas, abacaxi e maracuj\u00e1, no paladar \u00e9 extremamente refrescante e seca, pois seu residual de a\u00e7\u00facar \u00e9 zero, sua colora\u00e7\u00e3o \u00e9 clara e na sua composi\u00e7\u00e3o \u00e9 utilizada uma pitada de milho, isso mesmo, ele d\u00e1 um toque especial na sua caracter\u00edstica e leveza.  Russian Imperial Stout ALC\/VOL: 10,8%\u00a0 |\u00a0 COLORA\u00c7\u00c3O: 90 EBC |\u00a0 AMARGOR: 40 IBU Cerveja mais potente e licorosa, seus quase 11% de \u00e1lcool deixam a cerveja aquecedora, de colora\u00e7\u00e3o escura, seus aromas s\u00e3o mais robustos, remetendo a notas de coco, madeira, castanha e caf\u00e9 torrado, no sabor possui um amargor proveniente de maltes torrados e uma leve pegada de l\u00fapulo, seu corpo \u00e9 alto e no seu final possui um residual adocicado e forte.  Cerveja Berliner Weiss ALC\/VOL: 3,3%\u00a0 |\u00a0 COLORA\u00c7\u00c3O: 10 EBC |\u00a0 AMARGOR: 4 IBU Cerveja de colora\u00e7\u00e3o palha, que tem seu destaque por sua acidez, cerveja muito refrescante e com uma carbonata\u00e7\u00e3o mais elevada, seu aroma tem um leve toque de lim\u00e3o e at\u00e9 mesmo um toque de p\u00e3o pela adi\u00e7\u00e3o de trigo em sua receita, seu corpo \u00e9 bem baixo e frisante, dando a cerveja um destaque especial, podendo ser utilizada at\u00e9 mesmo para drinks e blends com sucos.  &nbsp;  &nbsp;","og_url":"https:\/\/heilige.com.br\/store\/produto\/sadomasoquista-o-kit\/","og_site_name":"Heilige Store","article_modified_time":"2021-12-03T17:06:54+00:00","og_image":[{"width":1707,"height":2560,"url":"https:\/\/heilige.com.br\/store\/wp-content\/uploads\/sites\/2\/2020\/07\/heilige_CAIXA-scaled.jpg","type":"image\/jpeg"}],"twitter_card":"summary_large_image","schema":{"@context":"https:\/\/schema.org","@graph":[{"@type":"WebPage","@id":"https:\/\/heilige.com.br\/store\/produto\/sadomasoquista-o-kit\/","url":"https:\/\/heilige.com.br\/store\/produto\/sadomasoquista-o-kit\/","name":"SADOMASOQUISTA - O KIT - Heilige Store","isPartOf":{"@id":"https:\/\/heilige.com.br\/store\/#website"},"datePublished":"2020-07-13T18:45:10+00:00","dateModified":"2021-12-03T17:06:54+00:00","breadcrumb":{"@id":"https:\/\/heilige.com.br\/store\/produto\/sadomasoquista-o-kit\/#breadcrumb"},"inLanguage":"pt-BR","potentialAction":[{"@type":"ReadAction","target":["https:\/\/heilige.com.br\/store\/produto\/sadomasoquista-o-kit\/"]}]},{"@type":"BreadcrumbList","@id":"https:\/\/heilige.com.br\/store\/produto\/sadomasoquista-o-kit\/#breadcrumb","itemListElement":[{"@type":"ListItem","position":1,"name":"Home","item":"https:\/\/heilige.com.br\/store\/"},{"@type":"ListItem","position":2,"name":"Store","item":"https:\/\/heilige.com.br\/store\/store\/"},{"@type":"ListItem","position":3,"name":"SADOMASOQUISTA &#8211; O KIT"}]},{"@type":"WebSite","@id":"https:\/\/heilige.com.br\/store\/#website","url":"https:\/\/heilige.com.br\/store\/","name":"Heilige Store","description":"","potentialAction":[{"@type":"SearchAction","target":{"@type":"EntryPoint","urlTemplate":"https:\/\/heilige.com.br\/store\/?s={search_term_string}"},"query-input":"required name=search_term_string"}],"inLanguage":"pt-BR"}]}},"_links":{"self":[{"href":"https:\/\/heilige.com.br\/store\/wp-json\/wp\/v2\/product\/489","targetHints":{"allow":["GET"]}}],"collection":[{"href":"https:\/\/heilige.com.br\/store\/wp-json\/wp\/v2\/product"}],"about":[{"href":"https:\/\/heilige.com.br\/store\/wp-json\/wp\/v2\/types\/product"}],"wp:featuredmedia":[{"embeddable":true,"href":"https:\/\/heilige.com.br\/store\/wp-json\/wp\/v2\/media\/528"}],"wp:attachment":[{"href":"https:\/\/heilige.com.br\/store\/wp-json\/wp\/v2\/media?parent=489"}],"wp:term":[{"taxonomy":"product_cat","embeddable":true,"href":"https:\/\/heilige.com.br\/store\/wp-json\/wp\/v2\/product_cat?post=489"},{"taxonomy":"product_tag","embeddable":true,"href":"https:\/\/heilige.com.br\/store\/wp-json\/wp\/v2\/product_tag?post=489"}],"curies":[{"name":"wp","href":"https:\/\/api.w.org\/{rel}","templated":true}]}}